{"id":2422,"date":"2022-02-07T14:11:47","date_gmt":"2022-02-07T14:11:47","guid":{"rendered":"https:\/\/ffc.mysites.io\/news\/"},"modified":"2022-02-07T14:13:36","modified_gmt":"2022-02-07T14:13:36","slug":"news","status":"publish","type":"page","link":"https:\/\/fondationfabiennecolas.org\/en\/news\/","title":{"rendered":"News"},"content":{"rendered":"\t\t<div data-elementor-type=\"wp-page\" data-elementor-id=\"2422\" class=\"elementor elementor-2422 elementor-1660\">\n\t\t\t\t\t\t<section class=\"elementor-section elementor-top-section elementor-element elementor-element-4cec2c92 elementor-section-content-middle elementor-section-boxed elementor-section-height-default elementor-section-height-default\" data-id=\"4cec2c92\" data-element_type=\"section\" data-e-type=\"section\" data-settings=\"{&quot;background_background&quot;:&quot;classic&quot;}\">\n\t\t\t\t\t\t\t<div class=\"elementor-background-overlay\"><\/div>\n\t\t\t\t\t\t\t<div class=\"elementor-container elementor-column-gap-no\">\n\t\t\t\t\t<div class=\"elementor-column elementor-col-100 elementor-top-column elementor-element elementor-element-1ee7071\" data-id=\"1ee7071\" data-element_type=\"column\" data-e-type=\"column\">\n\t\t\t<div class=\"elementor-widget-wrap elementor-element-populated\">\n\t\t\t\t\t\t<div class=\"elementor-element elementor-element-4eeb5f3e elementor-widget elementor-widget-heading\" data-id=\"4eeb5f3e\" data-element_type=\"widget\" data-e-type=\"widget\" data-widget_type=\"heading.default\">\n\t\t\t\t<div class=\"elementor-widget-container\">\n\t\t\t\t\t<h1 class=\"elementor-heading-title elementor-size-default\">Media<\/h1>\t\t\t\t<\/div>\n\t\t\t\t<\/div>\n\t\t\t\t\t<\/div>\n\t\t<\/div>\n\t\t\t\t\t<\/div>\n\t\t<\/section>\n\t\t\t\t<section class=\"elementor-section elementor-top-section elementor-element elementor-element-31e14f3c elementor-section-content-middle elementor-section-boxed elementor-section-height-default elementor-section-height-default\" data-id=\"31e14f3c\" data-element_type=\"section\" data-e-type=\"section\">\n\t\t\t\t\t\t<div class=\"elementor-container elementor-column-gap-no\">\n\t\t\t\t\t<div class=\"elementor-column elementor-col-100 elementor-top-column elementor-element elementor-element-37a36aaf\" data-id=\"37a36aaf\" data-element_type=\"column\" data-e-type=\"column\">\n\t\t\t<div class=\"elementor-widget-wrap elementor-element-populated\">\n\t\t\t\t\t\t<div class=\"elementor-element elementor-element-59f85fc2 elementor-widget elementor-widget-heading\" data-id=\"59f85fc2\" data-element_type=\"widget\" data-e-type=\"widget\" data-widget_type=\"heading.default\">\n\t\t\t\t<div class=\"elementor-widget-container\">\n\t\t\t\t\t<h2 class=\"elementor-heading-title elementor-size-default\">News<\/h2>\t\t\t\t<\/div>\n\t\t\t\t<\/div>\n\t\t\t\t\t<\/div>\n\t\t<\/div>\n\t\t\t\t\t<\/div>\n\t\t<\/section>\n\t\t\t\t<section class=\"elementor-section elementor-top-section elementor-element elementor-element-a231758 elementor-section-boxed elementor-section-height-default elementor-section-height-default\" data-id=\"a231758\" data-element_type=\"section\" data-e-type=\"section\">\n\t\t\t\t\t\t<div class=\"elementor-container elementor-column-gap-default\">\n\t\t\t\t\t<div class=\"elementor-column elementor-col-100 elementor-top-column elementor-element elementor-element-0b65c6e\" data-id=\"0b65c6e\" data-element_type=\"column\" data-e-type=\"column\">\n\t\t\t<div class=\"elementor-widget-wrap elementor-element-populated\">\n\t\t\t\t\t\t<div class=\"elementor-element elementor-element-ff6e26a elementor-widget elementor-widget-uael-posts\" data-id=\"ff6e26a\" data-element_type=\"widget\" data-e-type=\"widget\" data-settings=\"{&quot;card_slides_to_show&quot;:3,&quot;card_slides_to_show_tablet&quot;:2,&quot;card_slides_to_show_mobile&quot;:1,&quot;card_show_filters&quot;:&quot;no&quot;}\" data-widget_type=\"uael-posts.card\">\n\t\t\t\t<div class=\"elementor-widget-container\">\n\t\t\t\t\t\t\t<div class=\"uael-post__header\">\n\t\t\t\t\t<\/div>\n\t\t<div class=\"uael-post__body\">\n\t\t\t\n\t\t\n\t\t<div class=\"uael-post-grid uael-posts\" data-query-type=\"custom\" data-structure=\"masonry\" data-layout=\"masonry\" data-page=\"2422\" data-skin=\"card\" data-filter-default=\"\" data-offset-top=\"30\" >\n\n\t\t\t\t\t\t\t<div class=\"uael-post-grid__inner uael-post__columns-3 uael-post__columns-tablet-2 uael-post__columns-mobile-1 uael-post-masonry\">\n\t\t\t\n<div class=\"uael-post-wrapper   festwave \">\n\t<div class=\"uael-post__bg-wrap\">\n\n\t\t\t\t\n\t\t<div class=\"uael-post__inner-wrap \">\n\n\t\t\t\t<div class=\"uael-post__thumbnail\">\n\t\t\t\n\t\t\t<a href=\"https:\/\/fondationfabiennecolas.org\/en\/2024\/01\/26\/the-festwave-institute-of-the-fabienne-colas-foundation-is-launching-a-dubbing-training-workshop-under-the-direction-of-manuel-tadros\/\" target=\"_self\" title=\"The Festwave Institute of the Fabienne Colas Foundation is launching a dubbing training workshop, under the direction of Manuel Tadros.\"><img fetchpriority=\"high\" decoding=\"async\" width=\"2560\" height=\"1707\" src=\"https:\/\/fondationfabiennecolas.org\/wp-content\/uploads\/2024\/01\/pexels-cottonbro-studio-6883817-scaled.jpg\" class=\"attachment-full size-full wp-image-3244\" alt=\"\" srcset=\"https:\/\/fondationfabiennecolas.org\/wp-content\/uploads\/2024\/01\/pexels-cottonbro-studio-6883817-scaled.jpg 2560w, https:\/\/fondationfabiennecolas.org\/wp-content\/uploads\/2024\/01\/pexels-cottonbro-studio-6883817-1536x1024.jpg 1536w, https:\/\/fondationfabiennecolas.org\/wp-content\/uploads\/2024\/01\/pexels-cottonbro-studio-6883817-2048x1365.jpg 2048w\" sizes=\"(max-width: 2560px) 100vw, 2560px\" \/><\/a>\n\t\t\t\t\t<\/div>\n\t\t\n\t\t\t\n\t\t\t<div class=\"uael-post__content-wrap\">\n\n\t\t\t\t\t<h4 class=\"uael-post__title\">\n\n\t\t\n\t\t\t\t\t\t<a href=\"https:\/\/fondationfabiennecolas.org\/en\/2024\/01\/26\/the-festwave-institute-of-the-fabienne-colas-foundation-is-launching-a-dubbing-training-workshop-under-the-direction-of-manuel-tadros\/\" target=\"_self\">\n\t\t\t\tThe Festwave Institute of the Fabienne Colas Foundation is launching a dubbing training workshop, under the direction of Manuel Tadros.\t\t\t<\/a>\n\n\t\t\t\t<\/h4>\n\t\t\t\t\t<div class=\"uael-post__meta-data\">\n\t\t\t\t\t<span class=\"uael-post__date\">\n\t\t\t\t\t\t\t\t\t\t\t\t\t<i aria-hidden=\"true\" class=\"fa fa-calendar\"><\/i>\t\t\t\t\t\t\t\t\t\n\t\t\t26 January 2024\t\t<\/span>\n\t\t\t\t<span class=\"uael-post__comments\">\n\t\t\t\t\t\t\t\t\t\t\t\t<i aria-hidden=\"true\" class=\"fa fa-comments\"><\/i>\t\t\t\t\t\t\t\t\t\tNo Comments\t\t<\/span>\n\t\t\t\t<\/div>\n\t\t<div class=\"uael-post__separator\"><\/div>\n\t\t<div class=\"uael-post__excerpt\">\n\t\t\tFree training in French for Afro-descendant actors and actresses. Information and registration: www.FestwaveInstitute.com Montreal, January 25, 2024 &#8211; In response to a pressing need within ...\t\t<\/div>\n\n\t\t\t\t\t<a class=\"uael-post__read-more elementor-button\" href=\"https:\/\/fondationfabiennecolas.org\/en\/2024\/01\/26\/the-festwave-institute-of-the-fabienne-colas-foundation-is-launching-a-dubbing-training-workshop-under-the-direction-of-manuel-tadros\/\" target=\"_self\" aria-labelledby=\"uael-post-3245\">\n\t\t\t\t\t<span class=\"elementor-button-content-wrapper\">\n\t\t\t\t\t\t\t\t\t\t\t\t\t\t<span class=\"elementor-button-icon elementor-align-icon-right\">\n\n\t\t\t\t\t\t\t\t\t<i aria-hidden=\"true\" class=\"far fa-arrow-alt-circle-right\"><\/i>\n\t\t\t\t\t\t\t\t<\/span>\n\t\t\t\t\t\t\t\t\t\t\t\t\t\n\t\t\t\t\t\t<span class=\"elementor-button-text\" id=uael-post-3245>VOIR PLUS<\/span>\n\t\t\t\t\t<\/span>\n\t\t\t\t<\/a>\n\t\t\t\t\t\t<\/div>\n\t\t\t\n\t\t<\/div>\n\t\t\n\t<\/div>\n\n<\/div>\n\n<div class=\"uael-post-wrapper   festwave \">\n\t<div class=\"uael-post__bg-wrap\">\n\n\t\t\t\t\n\t\t<div class=\"uael-post__inner-wrap \">\n\n\t\t\t\t<div class=\"uael-post__thumbnail\">\n\t\t\t\n\t\t\t<a href=\"https:\/\/fondationfabiennecolas.org\/en\/2022\/02\/08\/the-fabienne-colas-foundation-fcf-receives-3-million-in-funding-from-government-of-canada-to-create-festwave-institute\/\" target=\"_self\" title=\"The Fabienne Colas Foundation (FCF) Receives $3 Million in Funding from Government of Canada to Create Festwave Institute\"><img decoding=\"async\" width=\"1500\" height=\"1500\" src=\"https:\/\/fondationfabiennecolas.org\/wp-content\/uploads\/2022\/02\/IG-FESTWAVE-EN-1.png\" class=\"attachment-full size-full wp-image-2618\" alt=\"\" srcset=\"https:\/\/fondationfabiennecolas.org\/wp-content\/uploads\/2022\/02\/IG-FESTWAVE-EN-1.png 1500w, https:\/\/fondationfabiennecolas.org\/wp-content\/uploads\/2022\/02\/IG-FESTWAVE-EN-1-300x300.png 300w, https:\/\/fondationfabiennecolas.org\/wp-content\/uploads\/2022\/02\/IG-FESTWAVE-EN-1-1024x1024.png 1024w, https:\/\/fondationfabiennecolas.org\/wp-content\/uploads\/2022\/02\/IG-FESTWAVE-EN-1-150x150.png 150w, https:\/\/fondationfabiennecolas.org\/wp-content\/uploads\/2022\/02\/IG-FESTWAVE-EN-1-768x768.png 768w\" sizes=\"(max-width: 1500px) 100vw, 1500px\" \/><\/a>\n\t\t\t\t\t<\/div>\n\t\t\n\t\t\t\n\t\t\t<div class=\"uael-post__content-wrap\">\n\n\t\t\t\t\t<h4 class=\"uael-post__title\">\n\n\t\t\n\t\t\t\t\t\t<a href=\"https:\/\/fondationfabiennecolas.org\/en\/2022\/02\/08\/the-fabienne-colas-foundation-fcf-receives-3-million-in-funding-from-government-of-canada-to-create-festwave-institute\/\" target=\"_self\">\n\t\t\t\tThe Fabienne Colas Foundation (FCF) Receives $3 Million in Funding from Government of Canada to Create Festwave Institute\t\t\t<\/a>\n\n\t\t\t\t<\/h4>\n\t\t\t\t\t<div class=\"uael-post__meta-data\">\n\t\t\t\t\t<span class=\"uael-post__date\">\n\t\t\t\t\t\t\t\t\t\t\t\t\t<i aria-hidden=\"true\" class=\"fa fa-calendar\"><\/i>\t\t\t\t\t\t\t\t\t\n\t\t\t8 February 2022\t\t<\/span>\n\t\t\t\t<span class=\"uael-post__comments\">\n\t\t\t\t\t\t\t\t\t\t\t\t<i aria-hidden=\"true\" class=\"fa fa-comments\"><\/i>\t\t\t\t\t\t\t\t\t\tNo Comments\t\t<\/span>\n\t\t\t\t<\/div>\n\t\t<div class=\"uael-post__separator\"><\/div>\n\t\t<div class=\"uael-post__excerpt\">\n\t\t\tThe new Festwave Institute furthers the Foundation\u2019s commitment to developing Black talent in the Canadian film and television industry More information at www.FestwaveInstitute.com Montreal, February ...\t\t<\/div>\n\n\t\t\t\t\t<a class=\"uael-post__read-more elementor-button\" href=\"https:\/\/fondationfabiennecolas.org\/en\/2022\/02\/08\/the-fabienne-colas-foundation-fcf-receives-3-million-in-funding-from-government-of-canada-to-create-festwave-institute\/\" target=\"_self\" aria-labelledby=\"uael-post-2614\">\n\t\t\t\t\t<span class=\"elementor-button-content-wrapper\">\n\t\t\t\t\t\t\t\t\t\t\t\t\t\t<span class=\"elementor-button-icon elementor-align-icon-right\">\n\n\t\t\t\t\t\t\t\t\t<i aria-hidden=\"true\" class=\"far fa-arrow-alt-circle-right\"><\/i>\n\t\t\t\t\t\t\t\t<\/span>\n\t\t\t\t\t\t\t\t\t\t\t\t\t\n\t\t\t\t\t\t<span class=\"elementor-button-text\" id=uael-post-2614>VOIR PLUS<\/span>\n\t\t\t\t\t<\/span>\n\t\t\t\t<\/a>\n\t\t\t\t\t\t<\/div>\n\t\t\t\n\t\t<\/div>\n\t\t\n\t<\/div>\n\n<\/div>\n\n<div class=\"uael-post-wrapper   being-black-in-canada \">\n\t<div class=\"uael-post__bg-wrap\">\n\n\t\t\t\t\n\t\t<div class=\"uael-post__inner-wrap \">\n\n\t\t\t\t<div class=\"uael-post__thumbnail\">\n\t\t\t\n\t\t\t<a href=\"https:\/\/fondationfabiennecolas.org\/en\/2021\/05\/19\/being-black-in-toronto-wins-2021-canadian-screen-awards\/\" target=\"_self\" title=\"BEING BLACK IN TORONTO WINS 2021 CANADIAN SCREEN AWARDS\u2026\"><img decoding=\"async\" width=\"1920\" height=\"1080\" src=\"https:\/\/fondationfabiennecolas.org\/wp-content\/uploads\/2021\/05\/BBIC-2500x1300-new-new.jpg\" class=\"attachment-full size-full wp-image-2590\" alt=\"\" srcset=\"https:\/\/fondationfabiennecolas.org\/wp-content\/uploads\/2021\/05\/BBIC-2500x1300-new-new.jpg 1920w, https:\/\/fondationfabiennecolas.org\/wp-content\/uploads\/2021\/05\/BBIC-2500x1300-new-new-1536x864.jpg 1536w\" sizes=\"(max-width: 1920px) 100vw, 1920px\" \/><\/a>\n\t\t\t\t\t<\/div>\n\t\t\n\t\t\t\n\t\t\t<div class=\"uael-post__content-wrap\">\n\n\t\t\t\t\t<h4 class=\"uael-post__title\">\n\n\t\t\n\t\t\t\t\t\t<a href=\"https:\/\/fondationfabiennecolas.org\/en\/2021\/05\/19\/being-black-in-toronto-wins-2021-canadian-screen-awards\/\" target=\"_self\">\n\t\t\t\tBEING BLACK IN TORONTO WINS 2021 CANADIAN SCREEN AWARDS\u2026\t\t\t<\/a>\n\n\t\t\t\t<\/h4>\n\t\t\t\t\t<div class=\"uael-post__meta-data\">\n\t\t\t\t\t<span class=\"uael-post__date\">\n\t\t\t\t\t\t\t\t\t\t\t\t\t<i aria-hidden=\"true\" class=\"fa fa-calendar\"><\/i>\t\t\t\t\t\t\t\t\t\n\t\t\t19 May 2021\t\t<\/span>\n\t\t\t\t<span class=\"uael-post__comments\">\n\t\t\t\t\t\t\t\t\t\t\t\t<i aria-hidden=\"true\" class=\"fa fa-comments\"><\/i>\t\t\t\t\t\t\t\t\t\tNo Comments\t\t<\/span>\n\t\t\t\t<\/div>\n\t\t<div class=\"uael-post__separator\"><\/div>\n\t\t<div class=\"uael-post__excerpt\">\n\t\t\tBEING BLACK IN TORONTO\u00a0 WINNER OF BEST DIRECTION IN A DOCUMENTARY SERIES AT THE 2021 CANADIAN SCREEN AWARDS \u00a0 PART OF FABIENNE COLAS FOUNDATION\u2019S\u00a0BEING BLACK ...\t\t<\/div>\n\n\t\t\t\t\t<a class=\"uael-post__read-more elementor-button\" href=\"https:\/\/fondationfabiennecolas.org\/en\/2021\/05\/19\/being-black-in-toronto-wins-2021-canadian-screen-awards\/\" target=\"_self\" aria-labelledby=\"uael-post-2587\">\n\t\t\t\t\t<span class=\"elementor-button-content-wrapper\">\n\t\t\t\t\t\t\t\t\t\t\t\t\t\t<span class=\"elementor-button-icon elementor-align-icon-right\">\n\n\t\t\t\t\t\t\t\t\t<i aria-hidden=\"true\" class=\"far fa-arrow-alt-circle-right\"><\/i>\n\t\t\t\t\t\t\t\t<\/span>\n\t\t\t\t\t\t\t\t\t\t\t\t\t\n\t\t\t\t\t\t<span class=\"elementor-button-text\" id=uael-post-2587>VOIR PLUS<\/span>\n\t\t\t\t\t<\/span>\n\t\t\t\t<\/a>\n\t\t\t\t\t\t<\/div>\n\t\t\t\n\t\t<\/div>\n\t\t\n\t<\/div>\n\n<\/div>\n\n<div class=\"uael-post-wrapper   festival \">\n\t<div class=\"uael-post__bg-wrap\">\n\n\t\t\t\t\n\t\t<div class=\"uael-post__inner-wrap \">\n\n\t\t\t\t<div class=\"uael-post__thumbnail\">\n\t\t\t\n\t\t\t<a href=\"https:\/\/fondationfabiennecolas.org\/en\/2021\/03\/04\/inaugural-ottawa-black-film-festival-obff21\/\" target=\"_self\" title=\"Inaugural OTTAWA BLACK FILM FESTIVAL \u2013 #OBFF21\"><img loading=\"lazy\" decoding=\"async\" width=\"1280\" height=\"856\" src=\"https:\/\/fondationfabiennecolas.org\/wp-content\/uploads\/2021\/06\/canada-ottawa-parliament-1184870.jpg\" class=\"attachment-full size-full wp-image-2578\" alt=\"\" \/><\/a>\n\t\t\t\t\t<\/div>\n\t\t\n\t\t\t\n\t\t\t<div class=\"uael-post__content-wrap\">\n\n\t\t\t\t\t<h4 class=\"uael-post__title\">\n\n\t\t\n\t\t\t\t\t\t<a href=\"https:\/\/fondationfabiennecolas.org\/en\/2021\/03\/04\/inaugural-ottawa-black-film-festival-obff21\/\" target=\"_self\">\n\t\t\t\tInaugural OTTAWA BLACK FILM FESTIVAL \u2013 #OBFF21\t\t\t<\/a>\n\n\t\t\t\t<\/h4>\n\t\t\t\t\t<div class=\"uael-post__meta-data\">\n\t\t\t\t\t<span class=\"uael-post__date\">\n\t\t\t\t\t\t\t\t\t\t\t\t\t<i aria-hidden=\"true\" class=\"fa fa-calendar\"><\/i>\t\t\t\t\t\t\t\t\t\n\t\t\t4 March 2021\t\t<\/span>\n\t\t\t\t<span class=\"uael-post__comments\">\n\t\t\t\t\t\t\t\t\t\t\t\t<i aria-hidden=\"true\" class=\"fa fa-comments\"><\/i>\t\t\t\t\t\t\t\t\t\tNo Comments\t\t<\/span>\n\t\t\t\t<\/div>\n\t\t<div class=\"uael-post__separator\"><\/div>\n\t\t<div class=\"uael-post__excerpt\">\n\t\t\t\t\t<\/div>\n\n\t\t\t\t\t<a class=\"uael-post__read-more elementor-button\" href=\"https:\/\/fondationfabiennecolas.org\/en\/2021\/03\/04\/inaugural-ottawa-black-film-festival-obff21\/\" target=\"_self\" aria-labelledby=\"uael-post-2571\">\n\t\t\t\t\t<span class=\"elementor-button-content-wrapper\">\n\t\t\t\t\t\t\t\t\t\t\t\t\t\t<span class=\"elementor-button-icon elementor-align-icon-right\">\n\n\t\t\t\t\t\t\t\t\t<i aria-hidden=\"true\" class=\"far fa-arrow-alt-circle-right\"><\/i>\n\t\t\t\t\t\t\t\t<\/span>\n\t\t\t\t\t\t\t\t\t\t\t\t\t\n\t\t\t\t\t\t<span class=\"elementor-button-text\" id=uael-post-2571>VOIR PLUS<\/span>\n\t\t\t\t\t<\/span>\n\t\t\t\t<\/a>\n\t\t\t\t\t\t<\/div>\n\t\t\t\n\t\t<\/div>\n\t\t\n\t<\/div>\n\n<\/div>\n\n<div class=\"uael-post-wrapper   ffc \">\n\t<div class=\"uael-post__bg-wrap\">\n\n\t\t\t\t\n\t\t<div class=\"uael-post__inner-wrap \">\n\n\t\t\t\t<div class=\"uael-post__thumbnail\">\n\t\t\t\n\t\t\t<a href=\"https:\/\/fondationfabiennecolas.org\/en\/2021\/02\/08\/strategic-partnership-between-national-and-the-fabienne-colas-foundation\/\" target=\"_self\" title=\"Strategic Partnership between NATIONAL and the Fabienne Colas Foundation\"><img loading=\"lazy\" decoding=\"async\" width=\"2000\" height=\"1333\" src=\"https:\/\/fondationfabiennecolas.org\/wp-content\/uploads\/2021\/06\/MGL4998.jpg\" class=\"attachment-full size-full wp-image-2379\" alt=\"\" srcset=\"https:\/\/fondationfabiennecolas.org\/wp-content\/uploads\/2021\/06\/MGL4998.jpg 2000w, https:\/\/fondationfabiennecolas.org\/wp-content\/uploads\/2021\/06\/MGL4998-1536x1024.jpg 1536w\" sizes=\"(max-width: 2000px) 100vw, 2000px\" \/><\/a>\n\t\t\t\t\t<\/div>\n\t\t\n\t\t\t\n\t\t\t<div class=\"uael-post__content-wrap\">\n\n\t\t\t\t\t<h4 class=\"uael-post__title\">\n\n\t\t\n\t\t\t\t\t\t<a href=\"https:\/\/fondationfabiennecolas.org\/en\/2021\/02\/08\/strategic-partnership-between-national-and-the-fabienne-colas-foundation\/\" target=\"_self\">\n\t\t\t\tStrategic Partnership between NATIONAL and the Fabienne Colas Foundation\t\t\t<\/a>\n\n\t\t\t\t<\/h4>\n\t\t\t\t\t<div class=\"uael-post__meta-data\">\n\t\t\t\t\t<span class=\"uael-post__date\">\n\t\t\t\t\t\t\t\t\t\t\t\t\t<i aria-hidden=\"true\" class=\"fa fa-calendar\"><\/i>\t\t\t\t\t\t\t\t\t\n\t\t\t8 February 2021\t\t<\/span>\n\t\t\t\t<span class=\"uael-post__comments\">\n\t\t\t\t\t\t\t\t\t\t\t\t<i aria-hidden=\"true\" class=\"fa fa-comments\"><\/i>\t\t\t\t\t\t\t\t\t\tNo Comments\t\t<\/span>\n\t\t\t\t<\/div>\n\t\t<div class=\"uael-post__separator\"><\/div>\n\t\t<div class=\"uael-post__excerpt\">\n\t\t\tNATIONAL commits to the Fabienne Colas Foundation to make Black communities talents shine in Canada Montreal, February 8, 2021. \u2014NATIONAL Public Relations commits to the ...\t\t<\/div>\n\n\t\t\t\t\t<a class=\"uael-post__read-more elementor-button\" href=\"https:\/\/fondationfabiennecolas.org\/en\/2021\/02\/08\/strategic-partnership-between-national-and-the-fabienne-colas-foundation\/\" target=\"_self\" aria-labelledby=\"uael-post-2581\">\n\t\t\t\t\t<span class=\"elementor-button-content-wrapper\">\n\t\t\t\t\t\t\t\t\t\t\t\t\t\t<span class=\"elementor-button-icon elementor-align-icon-right\">\n\n\t\t\t\t\t\t\t\t\t<i aria-hidden=\"true\" class=\"far fa-arrow-alt-circle-right\"><\/i>\n\t\t\t\t\t\t\t\t<\/span>\n\t\t\t\t\t\t\t\t\t\t\t\t\t\n\t\t\t\t\t\t<span class=\"elementor-button-text\" id=uael-post-2581>VOIR PLUS<\/span>\n\t\t\t\t\t<\/span>\n\t\t\t\t<\/a>\n\t\t\t\t\t\t<\/div>\n\t\t\t\n\t\t<\/div>\n\t\t\n\t<\/div>\n\n<\/div>\n\t\t\t\t<\/div>\n\t\t\t\t\t\t\n\t\t<\/div>\n\n\t\t\t\t\t\t<\/div>\n\t\t<div class=\"uael-post__footer\">\n\t\t\t\t\t<\/div>\n\t\t\t\t\t\t<\/div>\n\t\t\t\t<\/div>\n\t\t\t\t\t<\/div>\n\t\t<\/div>\n\t\t\t\t\t<\/div>\n\t\t<\/section>\n\t\t\t\t<\/div>\n\t\t","protected":false},"excerpt":{"rendered":"<p>Media News La Fondation Fabienne Colas pr\u00e9sente le nouveau programme \u00catre Noir.e et LGBTQ+ au Qu\u00e9bec 11 ao\u00fbt 2021 Aucun commentaire Montr\u00e9al, le 11 aout 2021 &#8211; Forte du succ\u00e8s de son programme phare, l\u2019incubateur \u00catre Noir.e au Canada \u2013 pr\u00e9sent\u00e9 par Netflix en collaboration avec &#8230; VOIR PLUS \u00caTRE NOIR.E \u00c0 TORONTO REMPORTE UN [&hellip;]<\/p>\n","protected":false},"author":3,"featured_media":0,"parent":0,"menu_order":0,"comment_status":"closed","ping_status":"closed","template":"","meta":{"site-sidebar-layout":"no-sidebar","site-content-layout":"page-builder","ast-site-content-layout":"default","site-content-style":"default","site-sidebar-style":"default","ast-global-header-display":"","ast-banner-title-visibility":"","ast-main-header-display":"","ast-hfb-above-header-display":"","ast-hfb-below-header-display":"","ast-hfb-mobile-header-display":"","site-post-title":"disabled","ast-breadcrumbs-content":"","ast-featured-img":"disabled","footer-sml-layout":"","ast-disable-related-posts":"","theme-transparent-header-meta":"enabled","adv-header-id-meta":"","stick-header-meta":"","header-above-stick-meta":"","header-main-stick-meta":"","header-below-stick-meta":"","astra-migrate-meta-layouts":"default","ast-page-background-enabled":"default","ast-page-background-meta":{"desktop":{"background-color":"","background-image":"","background-repeat":"repeat","background-position":"center center","background-size":"auto","background-attachment":"scroll","background-type":"","background-media":"","overlay-type":"","overlay-color":"","overlay-opacity":"","overlay-gradient":""},"tablet":{"background-color":"","background-image":"","background-repeat":"repeat","background-position":"center center","background-size":"auto","background-attachment":"scroll","background-type":"","background-media":"","overlay-type":"","overlay-color":"","overlay-opacity":"","overlay-gradient":""},"mobile":{"background-color":"","background-image":"","background-repeat":"repeat","background-position":"center center","background-size":"auto","background-attachment":"scroll","background-type":"","background-media":"","overlay-type":"","overlay-color":"","overlay-opacity":"","overlay-gradient":""}},"ast-content-background-meta":{"desktop":{"background-color":"var(--ast-global-color-5)","background-image":"","background-repeat":"repeat","background-position":"center center","background-size":"auto","background-attachment":"scroll","background-type":"","background-media":"","overlay-type":"","overlay-color":"","overlay-opacity":"","overlay-gradient":""},"tablet":{"background-color":"var(--ast-global-color-5)","background-image":"","background-repeat":"repeat","background-position":"center center","background-size":"auto","background-attachment":"scroll","background-type":"","background-media":"","overlay-type":"","overlay-color":"","overlay-opacity":"","overlay-gradient":""},"mobile":{"background-color":"var(--ast-global-color-5)","background-image":"","background-repeat":"repeat","background-position":"center center","background-size":"auto","background-attachment":"scroll","background-type":"","background-media":"","overlay-type":"","overlay-color":"","overlay-opacity":"","overlay-gradient":""}},"footnotes":""},"class_list":["post-2422","page","type-page","status-publish","hentry"],"featured_image_src":null,"featured_image_src_square":null,"_links":{"self":[{"href":"https:\/\/fondationfabiennecolas.org\/en\/wp-json\/wp\/v2\/pages\/2422","targetHints":{"allow":["GET"]}}],"collection":[{"href":"https:\/\/fondationfabiennecolas.org\/en\/wp-json\/wp\/v2\/pages"}],"about":[{"href":"https:\/\/fondationfabiennecolas.org\/en\/wp-json\/wp\/v2\/types\/page"}],"author":[{"embeddable":true,"href":"https:\/\/fondationfabiennecolas.org\/en\/wp-json\/wp\/v2\/users\/3"}],"replies":[{"embeddable":true,"href":"https:\/\/fondationfabiennecolas.org\/en\/wp-json\/wp\/v2\/comments?post=2422"}],"version-history":[{"count":0,"href":"https:\/\/fondationfabiennecolas.org\/en\/wp-json\/wp\/v2\/pages\/2422\/revisions"}],"wp:attachment":[{"href":"https:\/\/fondationfabiennecolas.org\/en\/wp-json\/wp\/v2\/media?parent=2422"}],"curies":[{"name":"wp","href":"https:\/\/api.w.org\/{rel}","templated":true}]}}